{"id":15,"date":"2020-06-27T07:28:47","date_gmt":"2020-06-27T11:28:47","guid":{"rendered":"http:\/\/mktdigital.draconis.ufms.br\/?page_id=15"},"modified":"2020-06-27T10:18:28","modified_gmt":"2020-06-27T14:18:28","slug":"exercicios","status":"publish","type":"page","link":"https:\/\/mktdigital.ufms.br\/en\/exercicios\/","title":{"rendered":"Exerc\u00edcios"},"content":{"rendered":"<p><img fetchpriority=\"high\" decoding=\"async\" class=\"aligncenter wp-image-47 size-full\" src=\"https:\/\/mktdigital.ufms.br\/files\/2020\/06\/exerc\u00edcio-parte-1.png\" alt=\"\" width=\"1280\" height=\"720\" srcset=\"https:\/\/mktdigital.ufms.br\/files\/2020\/06\/exerc\u00edcio-parte-1.png 1280w, https:\/\/mktdigital.ufms.br\/files\/2020\/06\/exerc\u00edcio-parte-1-300x169.png 300w, https:\/\/mktdigital.ufms.br\/files\/2020\/06\/exerc\u00edcio-parte-1-768x432.png 768w, https:\/\/mktdigital.ufms.br\/files\/2020\/06\/exerc\u00edcio-parte-1-1024x576.png 1024w, https:\/\/mktdigital.ufms.br\/files\/2020\/06\/exerc\u00edcio-parte-1-569x320.png 569w\" sizes=\"(max-width: 1280px) 100vw, 1280px\" \/><\/p>\n<p>Quando pensamos na estrat\u00e9gia da empresa, algo fundamental \u00e9 estabelecer quais s\u00e3o os processos que conduzem ao oferecimento de um pacote genu\u00edno de valor e como eles est\u00e3o ajustados e conectados.<\/p>\n<p>Entenda por &#8220;processo&#8221; como o conjunto de atividades que deve se realizar dentro de uma fun\u00e7\u00e3o espec\u00edfica dentro da empresa. Assim, temos o processo de vendas, de compras, de distribui\u00e7\u00e3o, de gerenciamento de pessoas entre outros. Cada um destes processos deve ser constru\u00eddo com uma caracter\u00edstica \u00fanica mas igualmente ligada ao objetivos e metas do neg\u00f3cio. Isso quer dizer que um empreendimento de sucesso \u00e9 aquele que consegue\u00a0 fazer uma combina\u00e7\u00e3o \u00fanica de recursos e compet\u00eancias que aparece no produto ou servi\u00e7o que oferece. Mas voc\u00ea sabe como fazer isso?<\/p>\n<p>Ichijo e Nonaka (2006) em seu livro \u201cKnowledge creation and management: new challenges for managers\u201d, falam sobre a import\u00e2ncia de se criar uma forma \u00fanica de se trabalhar, um kata.<\/p>\n<p>Ter um kata significa unir conhecimento expl\u00edcito (aquilo que se aprende em livros e aulas, por exemplo) com o conhecimento t\u00e1cito (aquele que \u00e9 pessoal, individual, dif\u00edcil de ser transferido). Empresas que conseguem ter um kata, s\u00e3o mais competitivas; por outro lado, \u00e9 dif\u00edcil de se conseguir porque exige paci\u00eancia (criar uma habilidade leva tempo) e a aceita\u00e7\u00e3o que se trata de um processo evolutivo. Mas se der certo&#8230; ah! Estamos falando de criar novos conhecimentos, fomentar a criatividade e potencializar efici\u00eancia.<\/p>\n<p>E como fazemos para criar o kata da nossa empresa? Os autores ensinam que \u00e9 preciso aprender (coisas novas), quebrar (o que \u00e9 antigo) e criar (novas atividades). \u201cUm bom kata olha para o futuro, mas aprecia os sucessos do passado como fonte de seu conhecimento\u201d.<\/p>\n<p>Agora, que tal praticarmos um pouco? Para descobrir o kata da sua empresa, leia e responda as perguntas que est\u00e3o na figura. Anote suas respostas em post its e cole-os no seu quadro de ideias.<\/p>\n<p><!--more-->ICHIJO, Kazuo; NONAKA, Ikujiro.\u00a0<b>Knowledge<\/b> <b>creation<\/b> <b>and<\/b><b> management: New <\/b><b>challenges<\/b><b> for managers<\/b>. Oxford university press, 2006.<\/p>\n","protected":false},"excerpt":{"rendered":"<p>Quando pensamos na estrat\u00e9gia da empresa, algo fundamental \u00e9 estabelecer quais s\u00e3o os processos que conduzem ao oferecimento de um pacote genu\u00edno de valor e como eles est\u00e3o ajustados e conectados. Entenda por &#8220;processo&#8221; como o conjunto de atividades que deve se realizar dentro de uma fun\u00e7\u00e3o espec\u00edfica dentro da empresa. Assim, temos o processo [&hellip;]<\/p>\n","protected":false},"author":30041,"featured_media":0,"parent":0,"menu_order":0,"comment_status":"closed","ping_status":"closed","template":"","meta":{"ngg_post_thumbnail":0,"footnotes":""},"coauthors":[],"class_list":["post-15","page","type-page","status-publish","hentry"],"_links":{"self":[{"href":"https:\/\/mktdigital.ufms.br\/en\/wp-json\/wp\/v2\/pages\/15","targetHints":{"allow":["GET"]}}],"collection":[{"href":"https:\/\/mktdigital.ufms.br\/en\/wp-json\/wp\/v2\/pages"}],"about":[{"href":"https:\/\/mktdigital.ufms.br\/en\/wp-json\/wp\/v2\/types\/page"}],"author":[{"embeddable":true,"href":"https:\/\/mktdigital.ufms.br\/en\/wp-json\/wp\/v2\/users\/30041"}],"replies":[{"embeddable":true,"href":"https:\/\/mktdigital.ufms.br\/en\/wp-json\/wp\/v2\/comments?post=15"}],"version-history":[{"count":11,"href":"https:\/\/mktdigital.ufms.br\/en\/wp-json\/wp\/v2\/pages\/15\/revisions"}],"predecessor-version":[{"id":58,"href":"https:\/\/mktdigital.ufms.br\/en\/wp-json\/wp\/v2\/pages\/15\/revisions\/58"}],"wp:attachment":[{"href":"https:\/\/mktdigital.ufms.br\/en\/wp-json\/wp\/v2\/media?parent=15"}],"wp:term":[{"taxonomy":"author","embeddable":true,"href":"https:\/\/mktdigital.ufms.br\/en\/wp-json\/wp\/v2\/coauthors?post=15"}],"curies":[{"name":"wp","href":"https:\/\/api.w.org\/{rel}","templated":true}]}}